{"id":15,"date":"2026-04-14T11:23:14","date_gmt":"2026-04-14T11:23:14","guid":{"rendered":"https:\/\/hydronyx-systems.de\/ueber\/"},"modified":"2026-04-14T14:44:50","modified_gmt":"2026-04-14T12:44:50","slug":"ueber","status":"publish","type":"page","link":"https:\/\/hydronyx-systems.de\/en\/ueber\/","title":{"rendered":"\u00dcber"},"content":{"rendered":"<div class=\"wp-block-group alignfull is-style-ext-preset--group--natural-1--section has-background-background-color has-background has-global-padding is-layout-constrained wp-block-group-is-layout-constrained\" id=\"ueber\" style=\"margin-top:0;margin-bottom:0;padding-top:var(--wp--preset--spacing--70);padding-bottom:var(--wp--preset--spacing--70)\">\n<div class=\"wp-block-columns alignwide are-vertically-aligned-center is-layout-flex wp-container-core-columns-is-layout-174606dc wp-block-columns-is-layout-flex\">\n<div class=\"wp-block-column is-vertically-aligned-center is-layout-flow wp-block-column-is-layout-flow\">\n<h2 class=\"wp-block-heading ext-animate--on\">Innovative Systeme f\u00fcr effiziente Wasseraufbereitung<\/h2>\n\n\n\n<p class=\"ext-animate--on\" style=\"margin-top:1.5rem\">Hydronyx Systems widmet sich der Entwicklung und Umsetzung modernster Wasserbehandlungsanlagen, die nachhaltige und zuverl\u00e4ssige L\u00f6sungen f\u00fcr Kunden weltweit bieten.<\/p>\n<\/div>\n\n\n\n<div class=\"wp-block-column is-vertically-aligned-center is-layout-flow wp-block-column-is-layout-flow\">\n<figure class=\"wp-block-image is-style-ext-preset--image--natural-1--image-1--content-left ext-animate--on is-style-ext-preset--image--natural-1--image-1--content-left--2\"><img loading=\"lazy\" decoding=\"async\" width=\"1440\" height=\"810\" src=\"https:\/\/hydronyx-systems.de\/wp-content\/uploads\/2026\/04\/097d1d14009967b50247dc3a175bf00bb7c4d4b4.jpg\" alt=\"\" class=\"wp-image-30\" style=\"aspect-ratio:1;object-fit:cover\" srcset=\"https:\/\/hydronyx-systems.de\/wp-content\/uploads\/2026\/04\/097d1d14009967b50247dc3a175bf00bb7c4d4b4.jpg 1440w, https:\/\/hydronyx-systems.de\/wp-content\/uploads\/2026\/04\/097d1d14009967b50247dc3a175bf00bb7c4d4b4-300x169.jpg 300w, https:\/\/hydronyx-systems.de\/wp-content\/uploads\/2026\/04\/097d1d14009967b50247dc3a175bf00bb7c4d4b4-1024x576.jpg 1024w, https:\/\/hydronyx-systems.de\/wp-content\/uploads\/2026\/04\/097d1d14009967b50247dc3a175bf00bb7c4d4b4-768x432.jpg 768w, https:\/\/hydronyx-systems.de\/wp-content\/uploads\/2026\/04\/097d1d14009967b50247dc3a175bf00bb7c4d4b4-18x10.jpg 18w\" sizes=\"auto, (max-width: 1440px) 100vw, 1440px\" \/><\/figure>\n<\/div>\n<\/div>\n<\/div>","protected":false},"excerpt":{"rendered":"<p>Innovative Systeme f\u00fcr effiziente Wasseraufbereitung Hydronyx Systems widmet sich der Entwicklung und Umsetzung modernster Wasserbehandlungsanlagen, die nachhaltige und zuverl\u00e4ssige L\u00f6sungen f\u00fcr Kunden weltweit bieten.<\/p>","protected":false},"author":1,"featured_media":0,"parent":0,"menu_order":0,"comment_status":"closed","ping_status":"closed","template":"page-with-title","meta":{"footnotes":""},"class_list":["post-15","page","type-page","status-publish","hentry"],"_links":{"self":[{"href":"https:\/\/hydronyx-systems.de\/en\/wp-json\/wp\/v2\/pages\/15","targetHints":{"allow":["GET"]}}],"collection":[{"href":"https:\/\/hydronyx-systems.de\/en\/wp-json\/wp\/v2\/pages"}],"about":[{"href":"https:\/\/hydronyx-systems.de\/en\/wp-json\/wp\/v2\/types\/page"}],"author":[{"embeddable":true,"href":"https:\/\/hydronyx-systems.de\/en\/wp-json\/wp\/v2\/users\/1"}],"replies":[{"embeddable":true,"href":"https:\/\/hydronyx-systems.de\/en\/wp-json\/wp\/v2\/comments?post=15"}],"version-history":[{"count":5,"href":"https:\/\/hydronyx-systems.de\/en\/wp-json\/wp\/v2\/pages\/15\/revisions"}],"predecessor-version":[{"id":75,"href":"https:\/\/hydronyx-systems.de\/en\/wp-json\/wp\/v2\/pages\/15\/revisions\/75"}],"wp:attachment":[{"href":"https:\/\/hydronyx-systems.de\/en\/wp-json\/wp\/v2\/media?parent=15"}],"curies":[{"name":"wp","href":"https:\/\/api.w.org\/{rel}","templated":true}]}}