{"id":17,"date":"2026-04-14T11:23:15","date_gmt":"2026-04-14T11:23:15","guid":{"rendered":"https:\/\/hydronyx-systems.de\/faq\/"},"modified":"2026-04-14T14:49:51","modified_gmt":"2026-04-14T12:49:51","slug":"faq","status":"publish","type":"page","link":"https:\/\/hydronyx-systems.de\/en\/faq\/","title":{"rendered":"FAQ"},"content":{"rendered":"<div class=\"wp-block-group alignfull is-style-ext-preset--group--natural-1--section has-background-background-color has-background has-global-padding is-layout-constrained wp-container-core-group-is-layout-e955bbaf wp-block-group-is-layout-constrained\" id=\"faq\" style=\"margin-top:0;margin-bottom:0;padding-top:var(--wp--preset--spacing--70);padding-bottom:var(--wp--preset--spacing--70)\">\n<div class=\"wp-block-group alignwide ext-is-logical-start has-global-padding is-content-justification-left is-layout-constrained wp-container-core-group-is-layout-20186816 wp-block-group-is-layout-constrained\">\n<h2 class=\"wp-block-heading ext-animate--on\">Effiziente L\u00f6sungen f\u00fcr Wasseraufbereitung und Entsalzung<\/h2>\n\n\n\n<p class=\"ext-animate--on\">Hier finden Sie Antworten auf unsere h\u00e4ufigsten Fragen, die Ihnen schnell Klarheit verschaffen.<\/p>\n<\/div>\n\n\n\n<div class=\"wp-block-columns alignwide is-layout-flex wp-container-core-columns-is-layout-08c01c1c wp-block-columns-is-layout-flex\">\n<div class=\"wp-block-column ext-animate--on is-layout-flow wp-container-core-column-is-layout-119bc444 wp-block-column-is-layout-flow\">\n<div class=\"wp-block-group is-style-ext-preset--group--natural-1--item-card-1--align-start has-global-padding is-layout-constrained wp-block-group-is-layout-constrained is-style-ext-preset--group--natural-1--item-card-1--align-start--2\">\n<div class=\"wp-block-group is-style-default has-global-padding is-layout-constrained wp-block-group-is-layout-constrained\">\n<h3 class=\"wp-block-heading\">Welche Produkte bietet Hydronyx Systems an?<\/h3>\n\n\n\n<p>Wir bieten Wasseraufbereitungs- und Entsalzungsanlagen sowie alle dazugeh\u00f6rigen Komponenten und Ersatzteile an.<\/p>\n<\/div>\n<\/div>\n<\/div>\n\n\n\n<div class=\"wp-block-column ext-animate--on is-layout-flow wp-container-core-column-is-layout-119bc444 wp-block-column-is-layout-flow\">\n<div class=\"wp-block-group is-style-ext-preset--group--natural-1--item-card-1--align-start has-global-padding is-layout-constrained wp-block-group-is-layout-constrained is-style-ext-preset--group--natural-1--item-card-1--align-start--3\">\n<div class=\"wp-block-group is-style-default has-global-padding is-layout-constrained wp-block-group-is-layout-constrained\">\n<h3 class=\"wp-block-heading\">Wie unterst\u00fctzt Hydronyx Systems bei internationalen Projekten?<\/h3>\n\n\n\n<p>Wir begleiten Ihr Projekt mit technischer Beratung und professionellem Projektmanagement weltweit.<\/p>\n<\/div>\n<\/div>\n<\/div>\n<\/div>\n\n\n\n<div class=\"wp-block-columns alignwide is-layout-flex wp-container-core-columns-is-layout-967d05ff wp-block-columns-is-layout-flex\" style=\"margin-top:var(--wp--preset--spacing--40)\">\n<div class=\"wp-block-column ext-animate--on is-layout-flow wp-container-core-column-is-layout-119bc444 wp-block-column-is-layout-flow\">\n<div class=\"wp-block-group is-style-ext-preset--group--natural-1--item-card-1--align-start has-global-padding is-layout-constrained wp-block-group-is-layout-constrained is-style-ext-preset--group--natural-1--item-card-1--align-start--4\">\n<div class=\"wp-block-group is-style-default has-global-padding is-layout-constrained wp-block-group-is-layout-constrained\">\n<h3 class=\"wp-block-heading\">Welche Vorteile haben Hydronyx Systeme gegen\u00fcber Mitbewerbern?<\/h3>\n\n\n\n<p>Unsere ma\u00dfgeschneiderten L\u00f6sungen und umfassender Service sichern Ihnen nachhaltige Qualit\u00e4t.<\/p>\n<\/div>\n<\/div>\n<\/div>\n\n\n\n<div class=\"wp-block-column ext-animate--on is-layout-flow wp-container-core-column-is-layout-119bc444 wp-block-column-is-layout-flow\">\n<div class=\"wp-block-group is-style-ext-preset--group--natural-1--item-card-1--align-start has-global-padding is-layout-constrained wp-block-group-is-layout-constrained is-style-ext-preset--group--natural-1--item-card-1--align-start--5\">\n<div class=\"wp-block-group is-style-default has-global-padding is-layout-constrained wp-block-group-is-layout-constrained\">\n<h3 class=\"wp-block-heading\">Wie steht es um die Wartung und Ersatzteilversorgung?<\/h3>\n\n\n\n<p>Wir gew\u00e4hrleisten eine zuverl\u00e4ssige Ersatzteilversorgung und bieten umfassenden technischen Support.<\/p>\n<\/div>\n<\/div>\n<\/div>\n<\/div>\n\n\n\n<div class=\"wp-block-columns alignwide is-layout-flex wp-container-core-columns-is-layout-967d05ff wp-block-columns-is-layout-flex\" style=\"margin-top:var(--wp--preset--spacing--40)\">\n<div class=\"wp-block-column ext-animate--on is-layout-flow wp-container-core-column-is-layout-119bc444 wp-block-column-is-layout-flow\">\n<div class=\"wp-block-group is-style-ext-preset--group--natural-1--item-card-1--align-start has-global-padding is-layout-constrained wp-block-group-is-layout-constrained is-style-ext-preset--group--natural-1--item-card-1--align-start--6\">\n<div class=\"wp-block-group is-style-default has-global-padding is-layout-constrained wp-block-group-is-layout-constrained\">\n<h3 class=\"wp-block-heading\">In welchen Branchen ist Hydronyx Systems t\u00e4tig?<\/h3>\n\n\n\n<p>Unsere Systeme kommen in Industrie, kommunaler Versorgung und maritimen Anwendungen zum Einsatz.<\/p>\n<\/div>\n<\/div>\n<\/div>\n\n\n\n<div class=\"wp-block-column ext-animate--on is-layout-flow wp-container-core-column-is-layout-119bc444 wp-block-column-is-layout-flow\">\n<div class=\"wp-block-group is-style-ext-preset--group--natural-1--item-card-1--align-start has-global-padding is-layout-constrained wp-block-group-is-layout-constrained is-style-ext-preset--group--natural-1--item-card-1--align-start--7\">\n<div class=\"wp-block-group is-style-default has-global-padding is-layout-constrained wp-block-group-is-layout-constrained\">\n<h3 class=\"wp-block-heading\">Wie kann ich Hydronyx Systems kontaktieren?<\/h3>\n\n\n\n<p>Sie erreichen uns telefonisch, per E-Mail oder \u00fcber unser Kontaktformular auf der Webseite.<\/p>\n<\/div>\n<\/div>\n<\/div>\n<\/div>\n<\/div>\n\n\n\n<div class=\"wp-block-group alignfull is-style-ext-preset--group--natural-1--section has-tertiary-background-color has-background has-global-padding is-layout-constrained wp-container-core-group-is-layout-e955bbaf wp-block-group-is-layout-constrained\" id=\"dienstleistungen\" style=\"margin-top:0;margin-bottom:0;padding-top:var(--wp--preset--spacing--70);padding-bottom:var(--wp--preset--spacing--70)\">\n<div class=\"wp-block-group alignwide ext-is-logical-start has-global-padding is-content-justification-left is-layout-constrained wp-container-core-group-is-layout-6729bdbe wp-block-group-is-layout-constrained\">\n<h2 class=\"wp-block-heading ext-animate--on\">Hydronyx Systems \u2013 Experten f\u00fcr Wasseraufbereitung<\/h2>\n\n\n\n<p class=\"has-text-align-left ext-animate--on\">Wir bieten umfassende L\u00f6sungen im Bereich Wasseraufbereitung, die auf Qualit\u00e4t und Ihre Zufriedenheit ausgerichtet sind.<\/p>\n<\/div>\n\n\n\n<div class=\"wp-block-columns alignwide is-layout-flex wp-container-core-columns-is-layout-08c01c1c wp-block-columns-is-layout-flex\">\n<div class=\"wp-block-column is-vertically-aligned-stretch ext-animate--on is-layout-flow wp-container-core-column-is-layout-119bc444 wp-block-column-is-layout-flow\">\n<div class=\"wp-block-media-text is-stacked-on-mobile is-image-fill-element is-style-ext-preset--media-text--natural-1--card-1 has-background-background-color has-background is-style-ext-preset--media-text--natural-1--card-1--9\"><figure class=\"wp-block-media-text__media\"><img loading=\"lazy\" decoding=\"async\" width=\"1440\" height=\"866\" src=\"https:\/\/hydronyx-systems.de\/wp-content\/uploads\/2026\/04\/4e844fba9f17fb9c6dca3fd8ed7a1ae21adc03e8.jpg\" alt=\"\" class=\"wp-image-39 size-full\" style=\"object-position:50% 50%\" srcset=\"https:\/\/hydronyx-systems.de\/wp-content\/uploads\/2026\/04\/4e844fba9f17fb9c6dca3fd8ed7a1ae21adc03e8.jpg 1440w, https:\/\/hydronyx-systems.de\/wp-content\/uploads\/2026\/04\/4e844fba9f17fb9c6dca3fd8ed7a1ae21adc03e8-300x180.jpg 300w, https:\/\/hydronyx-systems.de\/wp-content\/uploads\/2026\/04\/4e844fba9f17fb9c6dca3fd8ed7a1ae21adc03e8-1024x616.jpg 1024w, https:\/\/hydronyx-systems.de\/wp-content\/uploads\/2026\/04\/4e844fba9f17fb9c6dca3fd8ed7a1ae21adc03e8-768x462.jpg 768w, https:\/\/hydronyx-systems.de\/wp-content\/uploads\/2026\/04\/4e844fba9f17fb9c6dca3fd8ed7a1ae21adc03e8-18x12.jpg 18w\" sizes=\"auto, (max-width: 1440px) 100vw, 1440px\" \/><\/figure><div class=\"wp-block-media-text__content\">\n<div class=\"wp-block-group is-style-default has-global-padding is-layout-constrained wp-container-core-group-is-layout-9a7b35d3 wp-block-group-is-layout-constrained\" style=\"padding-top:var(--wp--preset--spacing--40);padding-right:var(--wp--preset--spacing--30);padding-bottom:var(--wp--preset--spacing--40);padding-left:var(--wp--preset--spacing--30)\">\n<h3 class=\"wp-block-heading\" style=\"font-size:clamp(15.747px, 0.984rem + ((1vw - 3.2px) * 0.86), 24px);\">Wasseraufbereitungssysteme<\/h3>\n\n\n\n<p class=\"has-small-font-size\">Unsere Systeme sind pr\u00e4zise auf Ihre Wasseraufbereitungsbed\u00fcrfnisse abgestimmt und gew\u00e4hrleisten Effizienz.<\/p>\n<\/div>\n<\/div><\/div>\n<\/div>\n\n\n\n<div class=\"wp-block-column is-vertically-aligned-stretch ext-animate--on is-layout-flow wp-container-core-column-is-layout-119bc444 wp-block-column-is-layout-flow\">\n<div class=\"wp-block-media-text is-stacked-on-mobile is-image-fill-element is-style-ext-preset--media-text--natural-1--card-1 has-background-background-color has-background is-style-ext-preset--media-text--natural-1--card-1--10\"><figure class=\"wp-block-media-text__media\"><img loading=\"lazy\" decoding=\"async\" width=\"810\" height=\"1440\" src=\"https:\/\/hydronyx-systems.de\/wp-content\/uploads\/2026\/04\/655e4021c1b2cc1488f7c5a97df35241207dbe28.jpg\" alt=\"\" class=\"wp-image-40 size-full\" style=\"object-position:50% 50%\" srcset=\"https:\/\/hydronyx-systems.de\/wp-content\/uploads\/2026\/04\/655e4021c1b2cc1488f7c5a97df35241207dbe28.jpg 810w, https:\/\/hydronyx-systems.de\/wp-content\/uploads\/2026\/04\/655e4021c1b2cc1488f7c5a97df35241207dbe28-169x300.jpg 169w, https:\/\/hydronyx-systems.de\/wp-content\/uploads\/2026\/04\/655e4021c1b2cc1488f7c5a97df35241207dbe28-576x1024.jpg 576w, https:\/\/hydronyx-systems.de\/wp-content\/uploads\/2026\/04\/655e4021c1b2cc1488f7c5a97df35241207dbe28-768x1365.jpg 768w, https:\/\/hydronyx-systems.de\/wp-content\/uploads\/2026\/04\/655e4021c1b2cc1488f7c5a97df35241207dbe28-7x12.jpg 7w\" sizes=\"auto, (max-width: 810px) 100vw, 810px\" \/><\/figure><div class=\"wp-block-media-text__content\">\n<div class=\"wp-block-group is-style-default has-global-padding is-layout-constrained wp-container-core-group-is-layout-9a7b35d3 wp-block-group-is-layout-constrained\" style=\"padding-top:var(--wp--preset--spacing--40);padding-right:var(--wp--preset--spacing--30);padding-bottom:var(--wp--preset--spacing--40);padding-left:var(--wp--preset--spacing--30)\">\n<h3 class=\"wp-block-heading\" style=\"font-size:clamp(15.747px, 0.984rem + ((1vw - 3.2px) * 0.86), 24px);\">Technische Beratung<\/h3>\n\n\n\n<p class=\"has-small-font-size\">Individuelle Beratung unterst\u00fctzt Sie bei der Auswahl optimaler Komponenten f\u00fcr Ihr Projekt.<\/p>\n<\/div>\n<\/div><\/div>\n<\/div>\n<\/div>\n\n\n\n<div class=\"wp-block-columns alignwide is-layout-flex wp-container-core-columns-is-layout-967d05ff wp-block-columns-is-layout-flex\" style=\"margin-top:var(--wp--preset--spacing--40)\">\n<div class=\"wp-block-column is-vertically-aligned-stretch ext-animate--on is-layout-flow wp-container-core-column-is-layout-119bc444 wp-block-column-is-layout-flow\">\n<div class=\"wp-block-media-text is-stacked-on-mobile is-image-fill-element is-style-ext-preset--media-text--natural-1--card-1 has-background-background-color has-background is-style-ext-preset--media-text--natural-1--card-1--11\"><figure class=\"wp-block-media-text__media\"><img loading=\"lazy\" decoding=\"async\" width=\"1440\" height=\"960\" src=\"https:\/\/hydronyx-systems.de\/wp-content\/uploads\/2026\/04\/f54c0f064036a17172856f70153681fe1242f939.jpg\" alt=\"\" class=\"wp-image-41 size-full\" style=\"object-position:50% 50%\" srcset=\"https:\/\/hydronyx-systems.de\/wp-content\/uploads\/2026\/04\/f54c0f064036a17172856f70153681fe1242f939.jpg 1440w, https:\/\/hydronyx-systems.de\/wp-content\/uploads\/2026\/04\/f54c0f064036a17172856f70153681fe1242f939-300x200.jpg 300w, https:\/\/hydronyx-systems.de\/wp-content\/uploads\/2026\/04\/f54c0f064036a17172856f70153681fe1242f939-1024x683.jpg 1024w, https:\/\/hydronyx-systems.de\/wp-content\/uploads\/2026\/04\/f54c0f064036a17172856f70153681fe1242f939-768x512.jpg 768w, https:\/\/hydronyx-systems.de\/wp-content\/uploads\/2026\/04\/f54c0f064036a17172856f70153681fe1242f939-18x12.jpg 18w\" sizes=\"auto, (max-width: 1440px) 100vw, 1440px\" \/><\/figure><div class=\"wp-block-media-text__content\">\n<div class=\"wp-block-group is-style-default has-global-padding is-layout-constrained wp-container-core-group-is-layout-9a7b35d3 wp-block-group-is-layout-constrained\" style=\"padding-top:var(--wp--preset--spacing--40);padding-right:var(--wp--preset--spacing--30);padding-bottom:var(--wp--preset--spacing--40);padding-left:var(--wp--preset--spacing--30)\">\n<h3 class=\"wp-block-heading\" style=\"font-size:clamp(15.747px, 0.984rem + ((1vw - 3.2px) * 0.86), 24px);\">Projektmanagement<\/h3>\n\n\n\n<p class=\"has-small-font-size\">Wir steuern Ihre Projekte mit Kompetenz und sorgen f\u00fcr termingerechte Umsetzung und Qualit\u00e4t.<\/p>\n<\/div>\n<\/div><\/div>\n<\/div>\n\n\n\n<div class=\"wp-block-column is-vertically-aligned-stretch ext-animate--on is-layout-flow wp-container-core-column-is-layout-119bc444 wp-block-column-is-layout-flow\">\n<div class=\"wp-block-media-text is-stacked-on-mobile is-image-fill-element is-style-ext-preset--media-text--natural-1--card-1 has-background-background-color has-background is-style-ext-preset--media-text--natural-1--card-1--12\"><figure class=\"wp-block-media-text__media\"><img loading=\"lazy\" decoding=\"async\" width=\"1440\" height=\"810\" src=\"https:\/\/hydronyx-systems.de\/wp-content\/uploads\/2026\/04\/1dcd99aff2c045ee81d9e4eaa1609cec32c6e3ef.jpg\" alt=\"\" class=\"wp-image-42 size-full\" style=\"object-position:50% 50%\" srcset=\"https:\/\/hydronyx-systems.de\/wp-content\/uploads\/2026\/04\/1dcd99aff2c045ee81d9e4eaa1609cec32c6e3ef.jpg 1440w, https:\/\/hydronyx-systems.de\/wp-content\/uploads\/2026\/04\/1dcd99aff2c045ee81d9e4eaa1609cec32c6e3ef-300x169.jpg 300w, https:\/\/hydronyx-systems.de\/wp-content\/uploads\/2026\/04\/1dcd99aff2c045ee81d9e4eaa1609cec32c6e3ef-1024x576.jpg 1024w, https:\/\/hydronyx-systems.de\/wp-content\/uploads\/2026\/04\/1dcd99aff2c045ee81d9e4eaa1609cec32c6e3ef-768x432.jpg 768w, https:\/\/hydronyx-systems.de\/wp-content\/uploads\/2026\/04\/1dcd99aff2c045ee81d9e4eaa1609cec32c6e3ef-18x10.jpg 18w\" sizes=\"auto, (max-width: 1440px) 100vw, 1440px\" \/><\/figure><div class=\"wp-block-media-text__content\">\n<div class=\"wp-block-group is-style-default has-global-padding is-layout-constrained wp-container-core-group-is-layout-9a7b35d3 wp-block-group-is-layout-constrained\" style=\"padding-top:var(--wp--preset--spacing--40);padding-right:var(--wp--preset--spacing--30);padding-bottom:var(--wp--preset--spacing--40);padding-left:var(--wp--preset--spacing--30)\">\n<h3 class=\"wp-block-heading\" style=\"font-size:clamp(15.747px, 0.984rem + ((1vw - 3.2px) * 0.86), 24px);\">Ersatzteile &amp; Zubeh\u00f6r<\/h3>\n\n\n\n<p class=\"has-small-font-size\">Hochwertige Komponenten sorgen f\u00fcr langfristige Funktionalit\u00e4t und minimale Ausfallzeiten.<\/p>\n<\/div>\n<\/div><\/div>\n<\/div>\n<\/div>\n<\/div>\n\n\n\n<div class=\"wp-block-group alignfull is-style-ext-preset--group--natural-1--section has-background-background-color has-background has-global-padding is-layout-constrained wp-container-core-group-is-layout-e955bbaf wp-block-group-is-layout-constrained\" style=\"margin-top:0;margin-bottom:0;padding-top:var(--wp--preset--spacing--70);padding-bottom:var(--wp--preset--spacing--70)\">\n<div class=\"wp-block-group alignwide ext-is-logical-start has-global-padding is-content-justification-left is-layout-constrained wp-container-core-group-is-layout-6729bdbe wp-block-group-is-layout-constrained\">\n<h2 class=\"wp-block-heading ext-animate--on\">Vertrauen durch zertifizierte Qualit\u00e4t<\/h2>\n\n\n\n<p class=\"ext-animate--on\">Wir pr\u00e4sentieren unsere wichtigsten Zertifizierungen und Sicherheitsstandards, die unsere Kompetenz in Wasseraufbereitungssystemen belegen.<\/p>\n<\/div>\n\n\n\n<div class=\"wp-block-columns alignwide is-layout-flex wp-container-core-columns-is-layout-08c01c1c wp-block-columns-is-layout-flex\">\n<div class=\"wp-block-column is-vertically-aligned-stretch ext-animate--on is-layout-flow wp-container-core-column-is-layout-f5bb311e wp-block-column-is-layout-flow\">\n<div class=\"wp-block-group is-style-ext-preset--group--natural-1--item-card-1--align-start has-global-padding is-layout-constrained wp-block-group-is-layout-constrained is-style-ext-preset--group--natural-1--item-card-1--align-start--14\">\n<div class=\"wp-block-group is-style-default has-global-padding is-layout-constrained wp-block-group-is-layout-constrained\">\n<figure class=\"wp-block-image size-large ext-aspect-landscape wp-duotone-primary-foreground\"><img decoding=\"async\" src=\"data:image\/svg+xml;base64,PHN2ZyB4bWxucz0iaHR0cDovL3d3dy53My5vcmcvMjAwMC9zdmciIHdpZHRoPSI0OCIgaGVpZ2h0PSI0OCIgZmlsbD0iIzAwMDAwMCIgdmlld0JveD0iMCAwIDI1NiAyNTYiPjxwYXRoIGQ9Ik0xNzIsNzZhNDQsNDQsMCwxLDAtNDQsNDRBNDQuMDUsNDQuMDUsMCwwLDAsMTcyLDc2Wm0tNDQsMjhhMjgsMjgsMCwxLDEsMjgtMjhBMjgsMjgsMCwwLDEsMTI4LDEwNFptNjAsMjRhNDQsNDQsMCwxLDAsNDQsNDRBNDQuMDUsNDQuMDUsMCwwLDAsMTg4LDEyOFptMCw3MmEyOCwyOCwwLDEsMSwyOC0yOEEyOCwyOCwwLDAsMSwxODgsMjAwWk02OCwxMjhhNDQsNDQsMCwxLDAsNDQsNDRBNDQuMDUsNDQuMDUsMCwwLDAsNjgsMTI4Wm0wLDcyYTI4LDI4LDAsMSwxLDI4LTI4QTI4LDI4LDAsMCwxLDY4LDIwMFoiPjwvcGF0aD48L3N2Zz4=\" alt=\"\" style=\"object-fit:cover\"\/><\/figure>\n\n\n\n<h3 class=\"wp-block-heading\">ISO 9001 Zertifizierung<\/h3>\n\n\n\n<p>Diese international anerkannte Norm garantiert unser Qualit\u00e4tsmanagement und die stetige Verbesserung unserer Prozesse.<\/p>\n<\/div>\n<\/div>\n<\/div>\n\n\n\n<div class=\"wp-block-column is-vertically-aligned-stretch ext-animate--on is-layout-flow wp-container-core-column-is-layout-f5bb311e wp-block-column-is-layout-flow\">\n<div class=\"wp-block-group is-style-ext-preset--group--natural-1--item-card-1--align-start has-global-padding is-layout-constrained wp-block-group-is-layout-constrained is-style-ext-preset--group--natural-1--item-card-1--align-start--15\">\n<div class=\"wp-block-group is-style-default has-global-padding is-layout-constrained wp-block-group-is-layout-constrained\">\n<figure class=\"wp-block-image size-large ext-aspect-landscape wp-duotone-primary-foreground\"><img decoding=\"async\" src=\"data:image\/svg+xml;base64,PHN2ZyB4bWxucz0iaHR0cDovL3d3dy53My5vcmcvMjAwMC9zdmciIHdpZHRoPSI0OCIgaGVpZ2h0PSI0OCIgZmlsbD0iIzAwMDAwMCIgdmlld0JveD0iMCAwIDI1NiAyNTYiPjxwYXRoIGQ9Ik04MCw0MGE0MCw0MCwwLDEsMCw0MCw0MEE0MCw0MCwwLDAsMCw4MCw0MFptMCw2NGEyNCwyNCwwLDEsMSwyNC0yNEEyNCwyNCwwLDAsMSw4MCwxMDRabTk2LDE2YTQwLDQwLDAsMSwwLTQwLTQwQTQwLDQwLDAsMCwwLDE3NiwxMjBabTAtNjRhMjQsMjQsMCwxLDEtMjQsMjRBMjQsMjQsMCwwLDEsMTc2LDU2Wk04MCwxMzZhNDAsNDAsMCwxLDAsNDAsNDBBNDAsNDAsMCwwLDAsODAsMTM2Wm0wLDY0YTI0LDI0LDAsMSwxLDI0LTI0QTI0LDI0LDAsMCwxLDgwLDIwMFptOTYtNjRhNDAsNDAsMCwxLDAsNDAsNDBBNDAsNDAsMCwwLDAsMTc2LDEzNlptMCw2NGEyNCwyNCwwLDEsMSwyNC0yNEEyNCwyNCwwLDAsMSwxNzYsMjAwWiI+PC9wYXRoPjwvc3ZnPg==\" alt=\"\" style=\"object-fit:cover\"\/><\/figure>\n\n\n\n<h3 class=\"wp-block-heading\">CE-Kennzeichnung<\/h3>\n\n\n\n<p>Sie best\u00e4tigt die Einhaltung aller europ\u00e4ischen Sicherheits- und Umweltanforderungen bei unseren Produkten.<\/p>\n<\/div>\n<\/div>\n<\/div>\n\n\n\n<div class=\"wp-block-column is-vertically-aligned-stretch ext-animate--on is-layout-flow wp-container-core-column-is-layout-f5bb311e wp-block-column-is-layout-flow\">\n<div class=\"wp-block-group is-style-ext-preset--group--natural-1--item-card-1--align-start has-global-padding is-layout-constrained wp-block-group-is-layout-constrained is-style-ext-preset--group--natural-1--item-card-1--align-start--16\"><\/div>\n<\/div>\n<\/div>\n<\/div>","protected":false},"excerpt":{"rendered":"<p>Effiziente L\u00f6sungen f\u00fcr Wasseraufbereitung und Entsalzung Hier finden Sie Antworten auf unsere h\u00e4ufigsten Fragen, die Ihnen schnell Klarheit verschaffen. Welche Produkte bietet Hydronyx Systems an? Wir bieten Wasseraufbereitungs- und Entsalzungsanlagen sowie alle dazugeh\u00f6rigen Komponenten und Ersatzteile an. Wie unterst\u00fctzt Hydronyx Systems bei internationalen Projekten? Wir begleiten Ihr Projekt mit technischer Beratung und professionellem Projektmanagement weltweit. [&hellip;]<\/p>\n","protected":false},"author":1,"featured_media":0,"parent":0,"menu_order":0,"comment_status":"closed","ping_status":"closed","template":"page-with-title","meta":{"footnotes":""},"class_list":["post-17","page","type-page","status-publish","hentry"],"_links":{"self":[{"href":"https:\/\/hydronyx-systems.de\/en\/wp-json\/wp\/v2\/pages\/17","targetHints":{"allow":["GET"]}}],"collection":[{"href":"https:\/\/hydronyx-systems.de\/en\/wp-json\/wp\/v2\/pages"}],"about":[{"href":"https:\/\/hydronyx-systems.de\/en\/wp-json\/wp\/v2\/types\/page"}],"author":[{"embeddable":true,"href":"https:\/\/hydronyx-systems.de\/en\/wp-json\/wp\/v2\/users\/1"}],"replies":[{"embeddable":true,"href":"https:\/\/hydronyx-systems.de\/en\/wp-json\/wp\/v2\/comments?post=17"}],"version-history":[{"count":6,"href":"https:\/\/hydronyx-systems.de\/en\/wp-json\/wp\/v2\/pages\/17\/revisions"}],"predecessor-version":[{"id":81,"href":"https:\/\/hydronyx-systems.de\/en\/wp-json\/wp\/v2\/pages\/17\/revisions\/81"}],"wp:attachment":[{"href":"https:\/\/hydronyx-systems.de\/en\/wp-json\/wp\/v2\/media?parent=17"}],"curies":[{"name":"wp","href":"https:\/\/api.w.org\/{rel}","templated":true}]}}