{"id":18,"date":"2026-04-14T11:23:15","date_gmt":"2026-04-14T11:23:15","guid":{"rendered":"https:\/\/hydronyx-systems.de\/ressourcen\/"},"modified":"2026-04-14T11:27:24","modified_gmt":"2026-04-14T11:27:24","slug":"ressourcen","status":"publish","type":"page","link":"https:\/\/hydronyx-systems.de\/en\/ressourcen\/","title":{"rendered":"Ressourcen"},"content":{"rendered":"<div class=\"wp-block-group alignfull is-style-ext-preset--group--natural-1--section has-background-background-color has-background has-global-padding is-layout-constrained wp-container-core-group-is-layout-e955bbaf wp-block-group-is-layout-constrained\" id=\"ressourcen\" style=\"margin-top:0;margin-bottom:0;padding-top:var(--wp--preset--spacing--70);padding-bottom:var(--wp--preset--spacing--70)\">\n<h2 class=\"wp-block-heading has-text-align-center\">Pr\u00e4zise Planung und Umsetzung von Wasseraufbereitungsl\u00f6sungen<\/h2>\n\n\n\n<p class=\"has-text-align-center ext-animate--on\" style=\"margin-top:1.5rem\">Hier finden Sie technische Leitf\u00e4den, Projektberichte und Beratungsmaterialien zur effizienten Wasseraufbereitung.<\/p>\n\n\n\n<div class=\"wp-block-columns alignwide is-layout-flex wp-container-core-columns-is-layout-08c01c1c wp-block-columns-is-layout-flex\">\n<div class=\"wp-block-column is-vertically-aligned-stretch ext-animate--on is-layout-flow wp-container-core-column-is-layout-f5bb311e wp-block-column-is-layout-flow\">\n<div class=\"wp-block-group is-style-ext-preset--group--natural-1--item-card-1--align-center has-global-padding is-layout-constrained wp-block-group-is-layout-constrained is-style-ext-preset--group--natural-1--item-card-1--align-center--2\">\n<div class=\"wp-block-group is-style-default has-global-padding is-layout-constrained wp-block-group-is-layout-constrained\">\n<figure class=\"wp-block-image aligncenter size-large ext-aspect-landscape wp-duotone-primary-foreground\"><img decoding=\"async\" src=\"data:image\/svg+xml;base64,PHN2ZyB4bWxucz0iaHR0cDovL3d3dy53My5vcmcvMjAwMC9zdmciIHdpZHRoPSI0OCIgaGVpZ2h0PSI0OCIgZmlsbD0iIzAwMDAwMCIgdmlld0JveD0iMCAwIDI1NiAyNTYiPjxwYXRoIGQ9Ik0xNzIsNzZhNDQsNDQsMCwxLDAtNDQsNDRBNDQuMDUsNDQuMDUsMCwwLDAsMTcyLDc2Wm0tNDQsMjhhMjgsMjgsMCwxLDEsMjgtMjhBMjgsMjgsMCwwLDEsMTI4LDEwNFptNjAsMjRhNDQsNDQsMCwxLDAsNDQsNDRBNDQuMDUsNDQuMDUsMCwwLDAsMTg4LDEyOFptMCw3MmEyOCwyOCwwLDEsMSwyOC0yOEEyOCwyOCwwLDAsMSwxODgsMjAwWk02OCwxMjhhNDQsNDQsMCwxLDAsNDQsNDRBNDQuMDUsNDQuMDUsMCwwLDAsNjgsMTI4Wm0wLDcyYTI4LDI4LDAsMSwxLDI4LTI4QTI4LDI4LDAsMCwxLDY4LDIwMFoiPjwvcGF0aD48L3N2Zz4=\" alt=\"\" style=\"object-fit:cover\"\/><\/figure>\n\n\n\n<h3 class=\"wp-block-heading has-text-align-center\">Technische Beratung<\/h3>\n\n\n\n<p class=\"has-text-align-center\">Umfasst fundierte Einblicke zur Optimierung Ihrer Wasseraufbereitungsanlagen.<\/p>\n\n\n\n<div class=\"wp-block-buttons is-content-justification-center is-layout-flex wp-container-core-buttons-is-layout-a89b3969 wp-block-buttons-is-layout-flex\">\n<div class=\"wp-block-button is-style-ext-preset--button--natural-1--button-1 is-style-ext-preset--button--natural-1--button-1--3\"><a class=\"wp-block-button__link wp-element-button\" href=\"https:\/\/hydronyx-systems.de\/en\/kontakt\/\">Mehr erfahren<\/a><\/div>\n<\/div>\n<\/div>\n<\/div>\n<\/div>\n\n\n\n<div class=\"wp-block-column is-vertically-aligned-stretch ext-animate--on is-layout-flow wp-container-core-column-is-layout-f5bb311e wp-block-column-is-layout-flow\">\n<div class=\"wp-block-group is-style-ext-preset--group--natural-1--item-card-1--align-center has-global-padding is-layout-constrained wp-block-group-is-layout-constrained is-style-ext-preset--group--natural-1--item-card-1--align-center--4\">\n<div class=\"wp-block-group is-style-default has-global-padding is-layout-constrained wp-block-group-is-layout-constrained\">\n<figure class=\"wp-block-image aligncenter size-large ext-aspect-landscape wp-duotone-primary-foreground\"><img decoding=\"async\" src=\"data:image\/svg+xml;base64,PHN2ZyB4bWxucz0iaHR0cDovL3d3dy53My5vcmcvMjAwMC9zdmciIHdpZHRoPSI0OCIgaGVpZ2h0PSI0OCIgZmlsbD0iIzAwMDAwMCIgdmlld0JveD0iMCAwIDI1NiAyNTYiPjxwYXRoIGQ9Ik04MCw0MGE0MCw0MCwwLDEsMCw0MCw0MEE0MCw0MCwwLDAsMCw4MCw0MFptMCw2NGEyNCwyNCwwLDEsMSwyNC0yNEEyNCwyNCwwLDAsMSw4MCwxMDRabTk2LDE2YTQwLDQwLDAsMSwwLTQwLTQwQTQwLDQwLDAsMCwwLDE3NiwxMjBabTAtNjRhMjQsMjQsMCwxLDEtMjQsMjRBMjQsMjQsMCwwLDEsMTc2LDU2Wk04MCwxMzZhNDAsNDAsMCwxLDAsNDAsNDBBNDAsNDAsMCwwLDAsODAsMTM2Wm0wLDY0YTI0LDI0LDAsMSwxLDI0LTI0QTI0LDI0LDAsMCwxLDgwLDIwMFptOTYtNjRhNDAsNDAsMCwxLDAsNDAsNDBBNDAsNDAsMCwwLDAsMTc2LDEzNlptMCw2NGEyNCwyNCwwLDEsMSwyNC0yNEEyNCwyNCwwLDAsMSwxNzYsMjAwWiI+PC9wYXRoPjwvc3ZnPg==\" alt=\"\" style=\"object-fit:cover\"\/><\/figure>\n\n\n\n<h3 class=\"wp-block-heading has-text-align-center\">Projektmanagement<\/h3>\n\n\n\n<p class=\"has-text-align-center\">Strategien f\u00fcr erfolgreiche Planung und Steuerung Ihrer Wasserprojekte.<\/p>\n\n\n\n<div class=\"wp-block-buttons is-content-justification-center is-layout-flex wp-container-core-buttons-is-layout-a89b3969 wp-block-buttons-is-layout-flex\">\n<div class=\"wp-block-button is-style-ext-preset--button--natural-1--button-1 is-style-ext-preset--button--natural-1--button-1--5\"><a class=\"wp-block-button__link wp-element-button\" href=\"https:\/\/hydronyx-systems.de\/en\/kontakt\/\">Mehr erfahren<\/a><\/div>\n<\/div>\n<\/div>\n<\/div>\n<\/div>\n\n\n\n<div class=\"wp-block-column is-vertically-aligned-stretch ext-animate--on is-layout-flow wp-container-core-column-is-layout-f5bb311e wp-block-column-is-layout-flow\">\n<div class=\"wp-block-group is-style-ext-preset--group--natural-1--item-card-1--align-center has-global-padding is-layout-constrained wp-block-group-is-layout-constrained is-style-ext-preset--group--natural-1--item-card-1--align-center--6\">\n<div class=\"wp-block-group is-style-default has-global-padding is-layout-constrained wp-block-group-is-layout-constrained\">\n<figure class=\"wp-block-image aligncenter size-large ext-aspect-landscape wp-duotone-primary-foreground\"><img decoding=\"async\" src=\"data:image\/svg+xml;base64,PHN2ZyB4bWxucz0iaHR0cDovL3d3dy53My5vcmcvMjAwMC9zdmciIHdpZHRoPSI0OCIgaGVpZ2h0PSI0OCIgZmlsbD0iIzAwMDAwMCIgdmlld0JveD0iMCAwIDI1NiAyNTYiPjxwYXRoIGQ9Ik04MCw0MGE0MCw0MCwwLDEsMCw0MCw0MEE0MCw0MCwwLDAsMCw4MCw0MFptMCw2NGEyNCwyNCwwLDEsMSwyNC0yNEEyNCwyNCwwLDAsMSw4MCwxMDRabTk2LDE2YTQwLDQwLDAsMSwwLTQwLTQwQTQwLDQwLDAsMCwwLDE3NiwxMjBabTAtNjRhMjQsMjQsMCwxLDEtMjQsMjRBMjQsMjQsMCwwLDEsMTc2LDU2Wk04MCwxMzZhNDAsNDAsMCwxLDAsNDAsNDBBNDAsNDAsMCwwLDAsODAsMTM2Wm0wLDY0YTI0LDI0LDAsMSwxLDI0LTI0QTI0LDI0LDAsMCwxLDgwLDIwMFptMTM2LTI0YTgsOCwwLDAsMS04LDhIMTg0djI0YTgsOCwwLDAsMS0xNiwwVjE4NEgxNDRhOCw4LDAsMCwxLDAtMTZoMjRWMTQ0YTgsOCwwLDAsMSwxNiwwdjI0aDI0QTgsOCwwLDAsMSwyMTYsMTc2WiI+PC9wYXRoPjwvc3ZnPg==\" alt=\"\" style=\"object-fit:cover\"\/><\/figure>\n\n\n\n<h3 class=\"wp-block-heading has-text-align-center\">Komponenten &amp; Ersatzteile<\/h3>\n\n\n\n<p class=\"has-text-align-center\">Erfahren Sie alles \u00fcber hochwertige Bauteile und Zubeh\u00f6r f\u00fcr Ihre Systeme.<\/p>\n\n\n\n<div class=\"wp-block-buttons is-content-justification-center is-layout-flex wp-container-core-buttons-is-layout-a89b3969 wp-block-buttons-is-layout-flex\">\n<div class=\"wp-block-button is-style-ext-preset--button--natural-1--button-1 is-style-ext-preset--button--natural-1--button-1--7\"><a class=\"wp-block-button__link wp-element-button\" href=\"https:\/\/hydronyx-systems.de\/en\/kontakt\/\">Mehr erfahren<\/a><\/div>\n<\/div>\n<\/div>\n<\/div>\n<\/div>\n<\/div>\n<\/div>\n\n<div class=\"wp-block-group alignfull is-style-ext-preset--group--natural-1--section has-tertiary-background-color has-background has-global-padding is-layout-constrained wp-container-core-group-is-layout-f72f1611 wp-block-group-is-layout-constrained\" id=\"funktionen\" style=\"margin-top:0;margin-bottom:0;padding-top:var(--wp--preset--spacing--70);padding-bottom:var(--wp--preset--spacing--70)\">\n<div class=\"wp-block-group alignwide ext-is-logical-start has-global-padding is-content-justification-left is-layout-constrained wp-container-core-group-is-layout-6729bdbe wp-block-group-is-layout-constrained\">\n<h2 class=\"wp-block-heading ext-animate--on\">Vertrauen Sie auf Hydronyx Systems f\u00fcr innovative Wasseraufbereitung<\/h2>\n\n\n\n<p class=\"has-text-align-left ext-animate--on\">Hydronyx Systems bietet ma\u00dfgeschneiderte L\u00f6sungen f\u00fcr Wasseraufbereitung, Entsalzung und technisches Consulting weltweit.<\/p>\n<\/div>\n\n\n\n<div class=\"wp-block-columns alignwide is-layout-flex wp-container-core-columns-is-layout-08c01c1c wp-block-columns-is-layout-flex\">\n<div class=\"wp-block-column is-vertically-aligned-stretch ext-animate--on is-layout-flow wp-container-core-column-is-layout-f5bb311e wp-block-column-is-layout-flow\">\n<div class=\"wp-block-group is-style-ext-preset--group--natural-1--item-card-1--align-start has-global-padding is-layout-constrained wp-block-group-is-layout-constrained is-style-ext-preset--group--natural-1--item-card-1--align-start--9\">\n<div class=\"wp-block-group is-style-default has-global-padding is-layout-constrained wp-block-group-is-layout-constrained\">\n<figure class=\"wp-block-image size-large ext-aspect-landscape wp-duotone-primary-foreground\"><img decoding=\"async\" src=\"data:image\/svg+xml;base64,PHN2ZyB4bWxucz0iaHR0cDovL3d3dy53My5vcmcvMjAwMC9zdmciIHdpZHRoPSI0OCIgaGVpZ2h0PSI0OCIgZmlsbD0iIzAwMDAwMCIgdmlld0JveD0iMCAwIDI1NiAyNTYiPjxwYXRoIGQ9Ik0xNzIsNzZhNDQsNDQsMCwxLDAtNDQsNDRBNDQuMDUsNDQuMDUsMCwwLDAsMTcyLDc2Wm0tNDQsMjhhMjgsMjgsMCwxLDEsMjgtMjhBMjgsMjgsMCwwLDEsMTI4LDEwNFptNjAsMjRhNDQsNDQsMCwxLDAsNDQsNDRBNDQuMDUsNDQuMDUsMCwwLDAsMTg4LDEyOFptMCw3MmEyOCwyOCwwLDEsMSwyOC0yOEEyOCwyOCwwLDAsMSwxODgsMjAwWk02OCwxMjhhNDQsNDQsMCwxLDAsNDQsNDRBNDQuMDUsNDQuMDUsMCwwLDAsNjgsMTI4Wm0wLDcyYTI4LDI4LDAsMSwxLDI4LTI4QTI4LDI4LDAsMCwxLDY4LDIwMFoiPjwvcGF0aD48L3N2Zz4=\" alt=\"\" style=\"object-fit:cover\"\/><\/figure>\n\n\n\n<h3 class=\"wp-block-heading\">Wasseraufbereitung<\/h3>\n\n\n\n<p>Effiziente Planung und Installation modernster Wasseraufbereitungssysteme.<\/p>\n<\/div>\n<\/div>\n<\/div>\n\n\n\n<div class=\"wp-block-column is-vertically-aligned-stretch ext-animate--on is-layout-flow wp-container-core-column-is-layout-f5bb311e wp-block-column-is-layout-flow\">\n<div class=\"wp-block-group is-style-ext-preset--group--natural-1--item-card-1--align-start has-global-padding is-layout-constrained wp-block-group-is-layout-constrained is-style-ext-preset--group--natural-1--item-card-1--align-start--10\">\n<div class=\"wp-block-group is-style-default has-global-padding is-layout-constrained wp-block-group-is-layout-constrained\">\n<figure class=\"wp-block-image size-large ext-aspect-landscape wp-duotone-primary-foreground\"><img decoding=\"async\" src=\"data:image\/svg+xml;base64,PHN2ZyB4bWxucz0iaHR0cDovL3d3dy53My5vcmcvMjAwMC9zdmciIHdpZHRoPSI0OCIgaGVpZ2h0PSI0OCIgZmlsbD0iIzAwMDAwMCIgdmlld0JveD0iMCAwIDI1NiAyNTYiPjxwYXRoIGQ9Ik04MCw0MGE0MCw0MCwwLDEsMCw0MCw0MEE0MCw0MCwwLDAsMCw4MCw0MFptMCw2NGEyNCwyNCwwLDEsMSwyNC0yNEEyNCwyNCwwLDAsMSw4MCwxMDRabTk2LDE2YTQwLDQwLDAsMSwwLTQwLTQwQTQwLDQwLDAsMCwwLDE3NiwxMjBabTAtNjRhMjQsMjQsMCwxLDEtMjQsMjRBMjQsMjQsMCwwLDEsMTc2LDU2Wk04MCwxMzZhNDAsNDAsMCwxLDAsNDAsNDBBNDAsNDAsMCwwLDAsODAsMTM2Wm0wLDY0YTI0LDI0LDAsMSwxLDI0LTI0QTI0LDI0LDAsMCwxLDgwLDIwMFptOTYtNjRhNDAsNDAsMCwxLDAsNDAsNDBBNDAsNDAsMCwwLDAsMTc2LDEzNlptMCw2NGEyNCwyNCwwLDEsMSwyNC0yNEEyNCwyNCwwLDAsMSwxNzYsMjAwWiI+PC9wYXRoPjwvc3ZnPg==\" alt=\"\" style=\"object-fit:cover\"\/><\/figure>\n\n\n\n<h3 class=\"wp-block-heading\">Entsalzungstechnologien<\/h3>\n\n\n\n<p>Fortschrittliche Systeme zur Gewinnung von S\u00fc\u00dfwasser aus Meer- und Brackwasser.<\/p>\n<\/div>\n<\/div>\n<\/div>\n\n\n\n<div class=\"wp-block-column is-vertically-aligned-stretch ext-animate--on is-layout-flow wp-container-core-column-is-layout-f5bb311e wp-block-column-is-layout-flow\">\n<div class=\"wp-block-group is-style-ext-preset--group--natural-1--item-card-1--align-start has-global-padding is-layout-constrained wp-block-group-is-layout-constrained is-style-ext-preset--group--natural-1--item-card-1--align-start--11\">\n<div class=\"wp-block-group is-style-default has-global-padding is-layout-constrained wp-block-group-is-layout-constrained\">\n<figure class=\"wp-block-image size-large ext-aspect-landscape wp-duotone-primary-foreground\"><img decoding=\"async\" src=\"data:image\/svg+xml;base64,PHN2ZyB4bWxucz0iaHR0cDovL3d3dy53My5vcmcvMjAwMC9zdmciIHdpZHRoPSI0OCIgaGVpZ2h0PSI0OCIgZmlsbD0iIzAwMDAwMCIgdmlld0JveD0iMCAwIDI1NiAyNTYiPjxwYXRoIGQ9Ik04MCw0MGE0MCw0MCwwLDEsMCw0MCw0MEE0MCw0MCwwLDAsMCw4MCw0MFptMCw2NGEyNCwyNCwwLDEsMSwyNC0yNEEyNCwyNCwwLDAsMSw4MCwxMDRabTk2LDE2YTQwLDQwLDAsMSwwLTQwLTQwQTQwLDQwLDAsMCwwLDE3NiwxMjBabTAtNjRhMjQsMjQsMCwxLDEtMjQsMjRBMjQsMjQsMCwwLDEsMTc2LDU2Wk04MCwxMzZhNDAsNDAsMCwxLDAsNDAsNDBBNDAsNDAsMCwwLDAsODAsMTM2Wm0wLDY0YTI0LDI0LDAsMSwxLDI0LTI0QTI0LDI0LDAsMCwxLDgwLDIwMFptMTM2LTI0YTgsOCwwLDAsMS04LDhIMTg0djI0YTgsOCwwLDAsMS0xNiwwVjE4NEgxNDRhOCw4LDAsMCwxLDAtMTZoMjRWMTQ0YTgsOCwwLDAsMSwxNiwwdjI0aDI0QTgsOCwwLDAsMSwyMTYsMTc2WiI+PC9wYXRoPjwvc3ZnPg==\" alt=\"\" style=\"object-fit:cover\"\/><\/figure>\n\n\n\n<h3 class=\"wp-block-heading\">Technisches Consulting<\/h3>\n\n\n\n<p>Fachkundige Beratung und Projektmanagement f\u00fcr nachhaltige Wasserl\u00f6sungen.<\/p>\n<\/div>\n<\/div>\n<\/div>\n<\/div>\n<\/div>\n\n<div class=\"wp-block-group alignfull is-style-ext-preset--group--natural-1--section has-background-background-color has-background has-global-padding is-layout-constrained wp-container-core-group-is-layout-e955bbaf wp-block-group-is-layout-constrained\" id=\"dienstleistungen\" style=\"margin-top:0;margin-bottom:0;padding-top:var(--wp--preset--spacing--70);padding-bottom:var(--wp--preset--spacing--70)\">\n<div class=\"wp-block-group alignwide ext-is-logical-start has-global-padding is-content-justification-left is-layout-constrained wp-container-core-group-is-layout-6729bdbe wp-block-group-is-layout-constrained\">\n<h2 class=\"wp-block-heading ext-animate--on\">Ihr Experte f\u00fcr Wasseraufbereitung und Entsalzung<\/h2>\n\n\n\n<p class=\"has-text-align-left ext-animate--on\">Entdecken Sie unser umfassendes Leistungsangebot, das auf Qualit\u00e4t und technische Exzellenz ausgerichtet ist.<\/p>\n<\/div>\n\n\n\n<div class=\"wp-block-columns alignwide is-layout-flex wp-container-core-columns-is-layout-08c01c1c wp-block-columns-is-layout-flex\">\n<div class=\"wp-block-column is-vertically-aligned-stretch ext-animate--on is-layout-flow wp-container-core-column-is-layout-f5bb311e wp-block-column-is-layout-flow\">\n<div class=\"wp-block-group is-style-ext-preset--group--natural-1--item-card-1--align-start has-global-padding is-layout-constrained wp-block-group-is-layout-constrained is-style-ext-preset--group--natural-1--item-card-1--align-start--13\">\n<div class=\"wp-block-group is-style-default has-global-padding is-layout-constrained wp-block-group-is-layout-constrained\">\n<div class=\"wp-block-group is-nowrap is-layout-flex wp-container-core-group-is-layout-64fa2afa wp-block-group-is-layout-flex\" style=\"padding-top:0;padding-right:0;padding-bottom:0;padding-left:0\">\n<figure class=\"wp-block-image size-large ext-aspect-landscape wp-duotone-primary-foreground\"><img decoding=\"async\" src=\"data:image\/svg+xml;base64,PHN2ZyB4bWxucz0iaHR0cDovL3d3dy53My5vcmcvMjAwMC9zdmciIHdpZHRoPSI0OCIgaGVpZ2h0PSI0OCIgZmlsbD0iIzAwMDAwMCIgdmlld0JveD0iMCAwIDI1NiAyNTYiPjxwYXRoIGQ9Ik0xNzIsNzZhNDQsNDQsMCwxLDAtNDQsNDRBNDQuMDUsNDQuMDUsMCwwLDAsMTcyLDc2Wm0tNDQsMjhhMjgsMjgsMCwxLDEsMjgtMjhBMjgsMjgsMCwwLDEsMTI4LDEwNFptNjAsMjRhNDQsNDQsMCwxLDAsNDQsNDRBNDQuMDUsNDQuMDUsMCwwLDAsMTg4LDEyOFptMCw3MmEyOCwyOCwwLDEsMSwyOC0yOEEyOCwyOCwwLDAsMSwxODgsMjAwWk02OCwxMjhhNDQsNDQsMCwxLDAsNDQsNDRBNDQuMDUsNDQuMDUsMCwwLDAsNjgsMTI4Wm0wLDcyYTI4LDI4LDAsMSwxLDI4LTI4QTI4LDI4LDAsMCwxLDY4LDIwMFoiPjwvcGF0aD48L3N2Zz4=\" alt=\"\" style=\"object-fit:cover\"\/><\/figure>\n\n\n\n<div class=\"wp-block-group wp-container-content-958eb9dc has-global-padding is-layout-constrained wp-container-core-group-is-layout-c06d165c wp-block-group-is-layout-constrained\" style=\"padding-top:0;padding-right:0;padding-bottom:0;padding-left:0\">\n<h3 class=\"wp-block-heading\">Wasseraufbereitungssysteme<\/h3>\n\n\n\n<p>Unsere Systeme sind pr\u00e4zise geplant, um Ihre Wasserqualit\u00e4t nachhaltig zu verbessern.<\/p>\n<\/div>\n<\/div>\n<\/div>\n<\/div>\n<\/div>\n\n\n\n<div class=\"wp-block-column is-vertically-aligned-stretch ext-animate--on is-layout-flow wp-container-core-column-is-layout-f5bb311e wp-block-column-is-layout-flow\">\n<div class=\"wp-block-group is-style-ext-preset--group--natural-1--item-card-1--align-start has-global-padding is-layout-constrained wp-block-group-is-layout-constrained is-style-ext-preset--group--natural-1--item-card-1--align-start--14\">\n<div class=\"wp-block-group is-style-default has-global-padding is-layout-constrained wp-block-group-is-layout-constrained\">\n<div class=\"wp-block-group is-nowrap is-layout-flex wp-container-core-group-is-layout-64fa2afa wp-block-group-is-layout-flex\" style=\"padding-top:0;padding-right:0;padding-bottom:0;padding-left:0\">\n<figure class=\"wp-block-image size-large ext-aspect-landscape wp-duotone-primary-foreground\"><img decoding=\"async\" src=\"data:image\/svg+xml;base64,PHN2ZyB4bWxucz0iaHR0cDovL3d3dy53My5vcmcvMjAwMC9zdmciIHdpZHRoPSI0OCIgaGVpZ2h0PSI0OCIgZmlsbD0iIzAwMDAwMCIgdmlld0JveD0iMCAwIDI1NiAyNTYiPjxwYXRoIGQ9Ik04MCw0MGE0MCw0MCwwLDEsMCw0MCw0MEE0MCw0MCwwLDAsMCw4MCw0MFptMCw2NGEyNCwyNCwwLDEsMSwyNC0yNEEyNCwyNCwwLDAsMSw4MCwxMDRabTk2LDE2YTQwLDQwLDAsMSwwLTQwLTQwQTQwLDQwLDAsMCwwLDE3NiwxMjBabTAtNjRhMjQsMjQsMCwxLDEtMjQsMjRBMjQsMjQsMCwwLDEsMTc2LDU2Wk04MCwxMzZhNDAsNDAsMCwxLDAsNDAsNDBBNDAsNDAsMCwwLDAsODAsMTM2Wm0wLDY0YTI0LDI0LDAsMSwxLDI0LTI0QTI0LDI0LDAsMCwxLDgwLDIwMFptOTYtNjRhNDAsNDAsMCwxLDAsNDAsNDBBNDAsNDAsMCwwLDAsMTc2LDEzNlptMCw2NGEyNCwyNCwwLDEsMSwyNC0yNEEyNCwyNCwwLDAsMSwxNzYsMjAwWiI+PC9wYXRoPjwvc3ZnPg==\" alt=\"\" style=\"object-fit:cover\"\/><\/figure>\n\n\n\n<div class=\"wp-block-group wp-container-content-958eb9dc has-global-padding is-layout-constrained wp-container-core-group-is-layout-c06d165c wp-block-group-is-layout-constrained\" style=\"padding-top:0;padding-right:0;padding-bottom:0;padding-left:0\">\n<h3 class=\"wp-block-heading\">Entsalzungsanlagen<\/h3>\n\n\n\n<p>Unsere Anlagen gew\u00e4hrleisten h\u00f6chste Effizienz und Zuverl\u00e4ssigkeit im Betrieb.<\/p>\n<\/div>\n<\/div>\n<\/div>\n<\/div>\n<\/div>\n\n\n\n<div class=\"wp-block-column is-vertically-aligned-stretch ext-animate--on is-layout-flow wp-container-core-column-is-layout-f5bb311e wp-block-column-is-layout-flow\">\n<div class=\"wp-block-group is-style-ext-preset--group--natural-1--item-card-1--align-start has-global-padding is-layout-constrained wp-block-group-is-layout-constrained is-style-ext-preset--group--natural-1--item-card-1--align-start--15\">\n<div class=\"wp-block-group is-style-default has-global-padding is-layout-constrained wp-block-group-is-layout-constrained\">\n<div class=\"wp-block-group is-nowrap is-layout-flex wp-container-core-group-is-layout-64fa2afa wp-block-group-is-layout-flex\" style=\"padding-top:0;padding-right:0;padding-bottom:0;padding-left:0\">\n<figure class=\"wp-block-image size-large ext-aspect-landscape wp-duotone-primary-foreground\"><img decoding=\"async\" src=\"data:image\/svg+xml;base64,PHN2ZyB4bWxucz0iaHR0cDovL3d3dy53My5vcmcvMjAwMC9zdmciIHdpZHRoPSI0OCIgaGVpZ2h0PSI0OCIgZmlsbD0iIzAwMDAwMCIgdmlld0JveD0iMCAwIDI1NiAyNTYiPjxwYXRoIGQ9Ik04MCw0MGE0MCw0MCwwLDEsMCw0MCw0MEE0MCw0MCwwLDAsMCw4MCw0MFptMCw2NGEyNCwyNCwwLDEsMSwyNC0yNEEyNCwyNCwwLDAsMSw4MCwxMDRabTk2LDE2YTQwLDQwLDAsMSwwLTQwLTQwQTQwLDQwLDAsMCwwLDE3NiwxMjBabTAtNjRhMjQsMjQsMCwxLDEtMjQsMjRBMjQsMjQsMCwwLDEsMTc2LDU2Wk04MCwxMzZhNDAsNDAsMCwxLDAsNDAsNDBBNDAsNDAsMCwwLDAsODAsMTM2Wm0wLDY0YTI0LDI0LDAsMSwxLDI0LTI0QTI0LDI0LDAsMCwxLDgwLDIwMFptMTM2LTI0YTgsOCwwLDAsMS04LDhIMTg0djI0YTgsOCwwLDAsMS0xNiwwVjE4NEgxNDRhOCw4LDAsMCwxLDAtMTZoMjRWMTQ0YTgsOCwwLDAsMSwxNiwwdjI0aDI0QTgsOCwwLDAsMSwyMTYsMTc2WiI+PC9wYXRoPjwvc3ZnPg==\" alt=\"\" style=\"object-fit:cover\"\/><\/figure>\n\n\n\n<div class=\"wp-block-group wp-container-content-958eb9dc has-global-padding is-layout-constrained wp-container-core-group-is-layout-c06d165c wp-block-group-is-layout-constrained\" style=\"padding-top:0;padding-right:0;padding-bottom:0;padding-left:0\">\n<h3 class=\"wp-block-heading\">Technische Beratung<\/h3>\n\n\n\n<p>Wir bieten fundierte Beratung und Projektmanagement f\u00fcr Ihre Wasserprojekte.<\/p>\n<\/div>\n<\/div>\n<\/div>\n<\/div>\n<\/div>\n<\/div>\n<\/div>","protected":false},"excerpt":{"rendered":"<p>Pr\u00e4zise Planung und Umsetzung von Wasseraufbereitungsl\u00f6sungen Hier finden Sie technische Leitf\u00e4den, Projektberichte und Beratungsmaterialien zur effizienten Wasseraufbereitung. Technische Beratung Umfasst fundierte Einblicke zur Optimierung Ihrer Wasseraufbereitungsanlagen. Projektmanagement Strategien f\u00fcr erfolgreiche Planung und Steuerung Ihrer Wasserprojekte. Komponenten &amp; Ersatzteile Erfahren Sie alles \u00fcber hochwertige Bauteile und Zubeh\u00f6r f\u00fcr Ihre Systeme. Vertrauen Sie auf Hydronyx Systems f\u00fcr [&hellip;]<\/p>\n","protected":false},"author":1,"featured_media":0,"parent":0,"menu_order":0,"comment_status":"closed","ping_status":"closed","template":"page-with-title","meta":{"footnotes":""},"class_list":["post-18","page","type-page","status-publish","hentry"],"_links":{"self":[{"href":"https:\/\/hydronyx-systems.de\/en\/wp-json\/wp\/v2\/pages\/18","targetHints":{"allow":["GET"]}}],"collection":[{"href":"https:\/\/hydronyx-systems.de\/en\/wp-json\/wp\/v2\/pages"}],"about":[{"href":"https:\/\/hydronyx-systems.de\/en\/wp-json\/wp\/v2\/types\/page"}],"author":[{"embeddable":true,"href":"https:\/\/hydronyx-systems.de\/en\/wp-json\/wp\/v2\/users\/1"}],"replies":[{"embeddable":true,"href":"https:\/\/hydronyx-systems.de\/en\/wp-json\/wp\/v2\/comments?post=18"}],"version-history":[{"count":2,"href":"https:\/\/hydronyx-systems.de\/en\/wp-json\/wp\/v2\/pages\/18\/revisions"}],"predecessor-version":[{"id":44,"href":"https:\/\/hydronyx-systems.de\/en\/wp-json\/wp\/v2\/pages\/18\/revisions\/44"}],"wp:attachment":[{"href":"https:\/\/hydronyx-systems.de\/en\/wp-json\/wp\/v2\/media?parent=18"}],"curies":[{"name":"wp","href":"https:\/\/api.w.org\/{rel}","templated":true}]}}