{"id":19,"date":"2026-04-14T11:23:16","date_gmt":"2026-04-14T11:23:16","guid":{"rendered":"https:\/\/hydronyx-systems.de\/dienstleistungen\/"},"modified":"2026-04-14T14:33:12","modified_gmt":"2026-04-14T12:33:12","slug":"dienstleistungen","status":"publish","type":"page","link":"https:\/\/hydronyx-systems.de\/en\/dienstleistungen\/","title":{"rendered":"Dienstleistungen"},"content":{"rendered":"<div class=\"wp-block-group alignfull is-style-ext-preset--group--natural-1--section has-background-background-color has-background has-global-padding is-layout-constrained wp-container-core-group-is-layout-e955bbaf wp-block-group-is-layout-constrained\" id=\"dienstleistungen\" style=\"margin-top:0;margin-bottom:0;padding-top:var(--wp--preset--spacing--70);padding-bottom:var(--wp--preset--spacing--70)\">\n<div class=\"wp-block-group alignwide ext-is-logical-start has-global-padding is-content-justification-left is-layout-constrained wp-container-core-group-is-layout-6729bdbe wp-block-group-is-layout-constrained\">\n<h2 class=\"wp-block-heading ext-animate--on\">Innovative Systeme f\u00fcr Wasseraufbereitung und Entsalzung<\/h2>\n\n\n\n<p class=\"has-text-align-left ext-animate--on\">Wir bieten umfassende L\u00f6sungen im Bereich Wasseraufbereitung, von der Planung bis zur Betreuung, stets mit Fokus auf h\u00f6chste Qualit\u00e4t und Kundenzufriedenheit.<\/p>\n<\/div>\n\n\n\n<div class=\"wp-block-columns alignwide is-layout-flex wp-container-core-columns-is-layout-08c01c1c wp-block-columns-is-layout-flex\">\n<div class=\"wp-block-column is-vertically-aligned-stretch ext-animate--on is-layout-flow wp-container-core-column-is-layout-119bc444 wp-block-column-is-layout-flow\">\n<div class=\"wp-block-media-text is-stacked-on-mobile is-image-fill-element is-style-ext-preset--media-text--natural-1--card-1 has-tertiary-background-color has-background is-style-ext-preset--media-text--natural-1--card-1--2\"><figure class=\"wp-block-media-text__media\"><img loading=\"lazy\" decoding=\"async\" width=\"1440\" height=\"866\" class=\"wp-image-39 size-full\" src=\"https:\/\/hydronyx-systems.de\/wp-content\/uploads\/2026\/04\/4e844fba9f17fb9c6dca3fd8ed7a1ae21adc03e8.jpg\" alt=\"\" style=\"object-position:50% 50%\" srcset=\"https:\/\/hydronyx-systems.de\/wp-content\/uploads\/2026\/04\/4e844fba9f17fb9c6dca3fd8ed7a1ae21adc03e8.jpg 1440w, https:\/\/hydronyx-systems.de\/wp-content\/uploads\/2026\/04\/4e844fba9f17fb9c6dca3fd8ed7a1ae21adc03e8-300x180.jpg 300w, https:\/\/hydronyx-systems.de\/wp-content\/uploads\/2026\/04\/4e844fba9f17fb9c6dca3fd8ed7a1ae21adc03e8-1024x616.jpg 1024w, https:\/\/hydronyx-systems.de\/wp-content\/uploads\/2026\/04\/4e844fba9f17fb9c6dca3fd8ed7a1ae21adc03e8-768x462.jpg 768w, https:\/\/hydronyx-systems.de\/wp-content\/uploads\/2026\/04\/4e844fba9f17fb9c6dca3fd8ed7a1ae21adc03e8-18x12.jpg 18w\" sizes=\"auto, (max-width: 1440px) 100vw, 1440px\" \/><\/figure><div class=\"wp-block-media-text__content\">\n<div class=\"wp-block-group is-style-default has-global-padding is-layout-constrained wp-container-core-group-is-layout-9a7b35d3 wp-block-group-is-layout-constrained\" style=\"padding-top:var(--wp--preset--spacing--40);padding-right:var(--wp--preset--spacing--30);padding-bottom:var(--wp--preset--spacing--40);padding-left:var(--wp--preset--spacing--30)\">\n<h3 class=\"wp-block-heading\" style=\"font-size:clamp(15.747px, 0.984rem + ((1vw - 3.2px) * 0.86), 24px);\">Planung und Beratung<\/h3>\n\n\n\n<p class=\"has-small-font-size\">Wir analysieren Ihre Bed\u00fcrfnisse und entwickeln ma\u00dfgeschneiderte Konzepte f\u00fcr effiziente Wasserbehandlung.<\/p>\n<\/div>\n<\/div><\/div>\n<\/div>\n\n\n\n<div class=\"wp-block-column is-vertically-aligned-stretch ext-animate--on is-layout-flow wp-container-core-column-is-layout-119bc444 wp-block-column-is-layout-flow\">\n<div class=\"wp-block-media-text is-stacked-on-mobile is-image-fill-element is-style-ext-preset--media-text--natural-1--card-1 has-tertiary-background-color has-background is-style-ext-preset--media-text--natural-1--card-1--3\"><figure class=\"wp-block-media-text__media\"><img loading=\"lazy\" decoding=\"async\" width=\"810\" height=\"1440\" class=\"wp-image-40 size-full\" src=\"https:\/\/hydronyx-systems.de\/wp-content\/uploads\/2026\/04\/655e4021c1b2cc1488f7c5a97df35241207dbe28.jpg\" alt=\"\" style=\"object-position:50% 50%\" srcset=\"https:\/\/hydronyx-systems.de\/wp-content\/uploads\/2026\/04\/655e4021c1b2cc1488f7c5a97df35241207dbe28.jpg 810w, https:\/\/hydronyx-systems.de\/wp-content\/uploads\/2026\/04\/655e4021c1b2cc1488f7c5a97df35241207dbe28-169x300.jpg 169w, https:\/\/hydronyx-systems.de\/wp-content\/uploads\/2026\/04\/655e4021c1b2cc1488f7c5a97df35241207dbe28-576x1024.jpg 576w, https:\/\/hydronyx-systems.de\/wp-content\/uploads\/2026\/04\/655e4021c1b2cc1488f7c5a97df35241207dbe28-768x1365.jpg 768w, https:\/\/hydronyx-systems.de\/wp-content\/uploads\/2026\/04\/655e4021c1b2cc1488f7c5a97df35241207dbe28-7x12.jpg 7w\" sizes=\"auto, (max-width: 810px) 100vw, 810px\" \/><\/figure><div class=\"wp-block-media-text__content\">\n<div class=\"wp-block-group is-style-default has-global-padding is-layout-constrained wp-container-core-group-is-layout-9a7b35d3 wp-block-group-is-layout-constrained\" style=\"padding-top:var(--wp--preset--spacing--40);padding-right:var(--wp--preset--spacing--30);padding-bottom:var(--wp--preset--spacing--40);padding-left:var(--wp--preset--spacing--30)\">\n<h3 class=\"wp-block-heading\" style=\"font-size:clamp(15.747px, 0.984rem + ((1vw - 3.2px) * 0.86), 24px);\">Verkauf von Systemen und Komponenten<\/h3>\n\n\n\n<p class=\"has-small-font-size\">Unser Angebot umfasst hochwertige Anlagen, Ersatzteile und Zubeh\u00f6r f\u00fcr nachhaltige Wasserl\u00f6sungen.<\/p>\n<\/div>\n<\/div><\/div>\n<\/div>\n<\/div>\n\n\n\n<div class=\"wp-block-columns alignwide is-layout-flex wp-container-core-columns-is-layout-967d05ff wp-block-columns-is-layout-flex\" style=\"margin-top:var(--wp--preset--spacing--40)\">\n<div class=\"wp-block-column is-vertically-aligned-stretch ext-animate--on is-layout-flow wp-container-core-column-is-layout-119bc444 wp-block-column-is-layout-flow\">\n<div class=\"wp-block-media-text is-stacked-on-mobile is-image-fill-element is-style-ext-preset--media-text--natural-1--card-1 has-tertiary-background-color has-background is-style-ext-preset--media-text--natural-1--card-1--4\"><figure class=\"wp-block-media-text__media\"><img loading=\"lazy\" decoding=\"async\" width=\"1440\" height=\"960\" class=\"wp-image-41 size-full\" src=\"https:\/\/hydronyx-systems.de\/wp-content\/uploads\/2026\/04\/f54c0f064036a17172856f70153681fe1242f939.jpg\" alt=\"\" style=\"object-position:50% 50%\" srcset=\"https:\/\/hydronyx-systems.de\/wp-content\/uploads\/2026\/04\/f54c0f064036a17172856f70153681fe1242f939.jpg 1440w, https:\/\/hydronyx-systems.de\/wp-content\/uploads\/2026\/04\/f54c0f064036a17172856f70153681fe1242f939-300x200.jpg 300w, https:\/\/hydronyx-systems.de\/wp-content\/uploads\/2026\/04\/f54c0f064036a17172856f70153681fe1242f939-1024x683.jpg 1024w, https:\/\/hydronyx-systems.de\/wp-content\/uploads\/2026\/04\/f54c0f064036a17172856f70153681fe1242f939-768x512.jpg 768w, https:\/\/hydronyx-systems.de\/wp-content\/uploads\/2026\/04\/f54c0f064036a17172856f70153681fe1242f939-18x12.jpg 18w\" sizes=\"auto, (max-width: 1440px) 100vw, 1440px\" \/><\/figure><div class=\"wp-block-media-text__content\">\n<div class=\"wp-block-group is-style-default has-global-padding is-layout-constrained wp-container-core-group-is-layout-9a7b35d3 wp-block-group-is-layout-constrained\" style=\"padding-top:var(--wp--preset--spacing--40);padding-right:var(--wp--preset--spacing--30);padding-bottom:var(--wp--preset--spacing--40);padding-left:var(--wp--preset--spacing--30)\">\n<h3 class=\"wp-block-heading\" style=\"font-size:clamp(15.747px, 0.984rem + ((1vw - 3.2px) * 0.86), 24px);\">Projektmanagement<\/h3>\n\n\n\n<p class=\"has-small-font-size\">Wir koordinieren und \u00fcberwachen Ihr Wasseraufbereitungsprojekt f\u00fcr reibungslose Abl\u00e4ufe und termingerechte Umsetzung.<\/p>\n<\/div>\n<\/div><\/div>\n<\/div>\n\n\n\n<div class=\"wp-block-column is-vertically-aligned-stretch ext-animate--on is-layout-flow wp-container-core-column-is-layout-119bc444 wp-block-column-is-layout-flow\">\n<div class=\"wp-block-media-text is-stacked-on-mobile is-image-fill-element is-style-ext-preset--media-text--natural-1--card-1 has-tertiary-background-color has-background is-style-ext-preset--media-text--natural-1--card-1--5\"><figure class=\"wp-block-media-text__media\"><img loading=\"lazy\" decoding=\"async\" width=\"1440\" height=\"810\" class=\"wp-image-42 size-full\" src=\"https:\/\/hydronyx-systems.de\/wp-content\/uploads\/2026\/04\/1dcd99aff2c045ee81d9e4eaa1609cec32c6e3ef.jpg\" alt=\"\" style=\"object-position:50% 50%\" srcset=\"https:\/\/hydronyx-systems.de\/wp-content\/uploads\/2026\/04\/1dcd99aff2c045ee81d9e4eaa1609cec32c6e3ef.jpg 1440w, https:\/\/hydronyx-systems.de\/wp-content\/uploads\/2026\/04\/1dcd99aff2c045ee81d9e4eaa1609cec32c6e3ef-300x169.jpg 300w, https:\/\/hydronyx-systems.de\/wp-content\/uploads\/2026\/04\/1dcd99aff2c045ee81d9e4eaa1609cec32c6e3ef-1024x576.jpg 1024w, https:\/\/hydronyx-systems.de\/wp-content\/uploads\/2026\/04\/1dcd99aff2c045ee81d9e4eaa1609cec32c6e3ef-768x432.jpg 768w, https:\/\/hydronyx-systems.de\/wp-content\/uploads\/2026\/04\/1dcd99aff2c045ee81d9e4eaa1609cec32c6e3ef-18x10.jpg 18w\" sizes=\"auto, (max-width: 1440px) 100vw, 1440px\" \/><\/figure><div class=\"wp-block-media-text__content\">\n<div class=\"wp-block-group is-style-default has-global-padding is-layout-constrained wp-container-core-group-is-layout-9a7b35d3 wp-block-group-is-layout-constrained\" style=\"padding-top:var(--wp--preset--spacing--40);padding-right:var(--wp--preset--spacing--30);padding-bottom:var(--wp--preset--spacing--40);padding-left:var(--wp--preset--spacing--30)\">\n<h3 class=\"wp-block-heading\" style=\"font-size:clamp(15.747px, 0.984rem + ((1vw - 3.2px) * 0.86), 24px);\">Technischer Support<\/h3>\n\n\n\n<p class=\"has-small-font-size\">Unser Service sichert zuverl\u00e4ssigen Betrieb und schnelle Hilfe bei technischen Herausforderungen.<\/p>\n<\/div>\n<\/div><\/div>\n<\/div>\n<\/div>\n<\/div>\n\n<div class=\"wp-block-group alignfull is-style-ext-preset--group--natural-1--section has-tertiary-background-color has-background has-global-padding is-layout-constrained wp-container-core-group-is-layout-6714b1d7 wp-block-group-is-layout-constrained\" id=\"ueber\" style=\"margin-top:0;margin-bottom:0;padding-top:var(--wp--preset--spacing--70);padding-bottom:var(--wp--preset--spacing--70)\">\n<h2 class=\"wp-block-heading has-text-align-center ext-animate--on\">Innovative Systeme f\u00fcr Trinkwasser- und Meerwasseraufbereitung<\/h2>\n\n\n\n<p class=\"has-text-align-center ext-animate--on\" style=\"margin-top:1.5rem\">Hydronyx Systems steht f\u00fcr nachhaltige Wasseraufbereitung und technische Exzellenz, um weltweit zuverl\u00e4ssige, effiziente L\u00f6sungen f\u00fcr sauberes Wasser zu bieten.<\/p>\n\n\n\n<div class=\"wp-block-columns alignwide is-layout-flex wp-container-core-columns-is-layout-28f84493 wp-block-columns-is-layout-flex\">\n<div class=\"wp-block-column ext-animate--on is-layout-flow wp-block-column-is-layout-flow\">\n<figure class=\"wp-block-image is-style-ext-preset-image-natural-1-image-1--content-bottom is-style-ext-preset--image--natural-1--image-1--content-bottom is-style-ext-preset--image--natural-1--image-1--content-bottom--7\"><img loading=\"lazy\" decoding=\"async\" width=\"960\" height=\"1440\" class=\"wp-image-37\" src=\"https:\/\/hydronyx-systems.de\/wp-content\/uploads\/2026\/04\/c1761bb2d6fcee0bb2c18fb0e473ff07c9ade268.jpg\" alt=\"\" style=\"aspect-ratio:3\/4;object-fit:cover\" srcset=\"https:\/\/hydronyx-systems.de\/wp-content\/uploads\/2026\/04\/c1761bb2d6fcee0bb2c18fb0e473ff07c9ade268.jpg 960w, https:\/\/hydronyx-systems.de\/wp-content\/uploads\/2026\/04\/c1761bb2d6fcee0bb2c18fb0e473ff07c9ade268-200x300.jpg 200w, https:\/\/hydronyx-systems.de\/wp-content\/uploads\/2026\/04\/c1761bb2d6fcee0bb2c18fb0e473ff07c9ade268-683x1024.jpg 683w, https:\/\/hydronyx-systems.de\/wp-content\/uploads\/2026\/04\/c1761bb2d6fcee0bb2c18fb0e473ff07c9ade268-768x1152.jpg 768w, https:\/\/hydronyx-systems.de\/wp-content\/uploads\/2026\/04\/c1761bb2d6fcee0bb2c18fb0e473ff07c9ade268-8x12.jpg 8w\" sizes=\"auto, (max-width: 960px) 100vw, 960px\" \/><\/figure>\n<\/div>\n\n\n\n<div class=\"wp-block-column ext-animate--on is-layout-flow wp-block-column-is-layout-flow\">\n<figure class=\"wp-block-image is-style-ext-preset-image-natural-1-image-1--content-bottom is-style-ext-preset--image--natural-1--image-1--content-bottom is-style-ext-preset--image--natural-1--image-1--content-bottom--8\"><img loading=\"lazy\" decoding=\"async\" width=\"960\" height=\"1440\" class=\"wp-image-45\" src=\"https:\/\/hydronyx-systems.de\/wp-content\/uploads\/2026\/04\/f8c53919a3186f3228cf2b43aabcf9d62e543585.jpg\" alt=\"\" style=\"aspect-ratio:3\/4;object-fit:cover\" srcset=\"https:\/\/hydronyx-systems.de\/wp-content\/uploads\/2026\/04\/f8c53919a3186f3228cf2b43aabcf9d62e543585.jpg 960w, https:\/\/hydronyx-systems.de\/wp-content\/uploads\/2026\/04\/f8c53919a3186f3228cf2b43aabcf9d62e543585-200x300.jpg 200w, https:\/\/hydronyx-systems.de\/wp-content\/uploads\/2026\/04\/f8c53919a3186f3228cf2b43aabcf9d62e543585-683x1024.jpg 683w, https:\/\/hydronyx-systems.de\/wp-content\/uploads\/2026\/04\/f8c53919a3186f3228cf2b43aabcf9d62e543585-768x1152.jpg 768w, https:\/\/hydronyx-systems.de\/wp-content\/uploads\/2026\/04\/f8c53919a3186f3228cf2b43aabcf9d62e543585-8x12.jpg 8w\" sizes=\"auto, (max-width: 960px) 100vw, 960px\" \/><\/figure>\n<\/div>\n\n\n\n<div class=\"wp-block-column ext-animate--on is-layout-flow wp-block-column-is-layout-flow\">\n<figure class=\"wp-block-image is-style-ext-preset-image-natural-1-image-1--content-bottom is-style-ext-preset--image--natural-1--image-1--content-bottom is-style-ext-preset--image--natural-1--image-1--content-bottom--9\"><img loading=\"lazy\" decoding=\"async\" width=\"1440\" height=\"960\" class=\"wp-image-41\" src=\"https:\/\/hydronyx-systems.de\/wp-content\/uploads\/2026\/04\/f54c0f064036a17172856f70153681fe1242f939.jpg\" alt=\"\" style=\"aspect-ratio:3\/4;object-fit:cover\" srcset=\"https:\/\/hydronyx-systems.de\/wp-content\/uploads\/2026\/04\/f54c0f064036a17172856f70153681fe1242f939.jpg 1440w, https:\/\/hydronyx-systems.de\/wp-content\/uploads\/2026\/04\/f54c0f064036a17172856f70153681fe1242f939-300x200.jpg 300w, https:\/\/hydronyx-systems.de\/wp-content\/uploads\/2026\/04\/f54c0f064036a17172856f70153681fe1242f939-1024x683.jpg 1024w, https:\/\/hydronyx-systems.de\/wp-content\/uploads\/2026\/04\/f54c0f064036a17172856f70153681fe1242f939-768x512.jpg 768w, https:\/\/hydronyx-systems.de\/wp-content\/uploads\/2026\/04\/f54c0f064036a17172856f70153681fe1242f939-18x12.jpg 18w\" sizes=\"auto, (max-width: 1440px) 100vw, 1440px\" \/><\/figure>\n<\/div>\n<\/div>\n<\/div>\n\n<div class=\"wp-block-group alignfull is-style-ext-preset--group--natural-1--section has-background-background-color has-background has-global-padding is-layout-constrained wp-container-core-group-is-layout-e955bbaf wp-block-group-is-layout-constrained\" id=\"funktionen\" style=\"margin-top:0;margin-bottom:0;padding-top:var(--wp--preset--spacing--70);padding-bottom:var(--wp--preset--spacing--70)\">\n<h2 class=\"wp-block-heading has-text-align-center\">Vertrauen Sie auf unsere Kompetenz in Wasseraufbereitung<\/h2>\n\n\n\n<p class=\"has-text-align-center ext-animate--on\" style=\"margin-top:1.5rem\">Hydronyx Systems bietet ma\u00dfgeschneiderte Planung, Verkauf und Implementierung von Wasserbehandlungs- und Entsalzungsanlagen mit professioneller Beratung und internationalem Projektmanagement.<\/p>\n\n\n\n<div class=\"wp-block-columns alignwide is-layout-flex wp-container-core-columns-is-layout-08c01c1c wp-block-columns-is-layout-flex\">\n<div class=\"wp-block-column is-vertically-aligned-stretch ext-animate--on is-layout-flow wp-container-core-column-is-layout-f5bb311e wp-block-column-is-layout-flow\">\n<div class=\"wp-block-group is-style-ext-preset--group--natural-1--item-card-1--align-center has-global-padding is-layout-constrained wp-block-group-is-layout-constrained is-style-ext-preset--group--natural-1--item-card-1--align-center--11\">\n<div class=\"wp-block-group is-style-default has-global-padding is-layout-constrained wp-block-group-is-layout-constrained\">\n<figure class=\"wp-block-image aligncenter size-large ext-aspect-landscape wp-duotone-primary-foreground\"><img decoding=\"async\" src=\"data:image\/svg+xml;base64,PHN2ZyB4bWxucz0iaHR0cDovL3d3dy53My5vcmcvMjAwMC9zdmciIHdpZHRoPSI0OCIgaGVpZ2h0PSI0OCIgZmlsbD0iIzAwMDAwMCIgdmlld0JveD0iMCAwIDI1NiAyNTYiPjxwYXRoIGQ9Ik0xNzIsNzZhNDQsNDQsMCwxLDAtNDQsNDRBNDQuMDUsNDQuMDUsMCwwLDAsMTcyLDc2Wm0tNDQsMjhhMjgsMjgsMCwxLDEsMjgtMjhBMjgsMjgsMCwwLDEsMTI4LDEwNFptNjAsMjRhNDQsNDQsMCwxLDAsNDQsNDRBNDQuMDUsNDQuMDUsMCwwLDAsMTg4LDEyOFptMCw3MmEyOCwyOCwwLDEsMSwyOC0yOEEyOCwyOCwwLDAsMSwxODgsMjAwWk02OCwxMjhhNDQsNDQsMCwxLDAsNDQsNDRBNDQuMDUsNDQuMDUsMCwwLDAsNjgsMTI4Wm0wLDcyYTI4LDI4LDAsMSwxLDI4LTI4QTI4LDI4LDAsMCwxLDY4LDIwMFoiPjwvcGF0aD48L3N2Zz4=\" alt=\"\" style=\"object-fit:cover\"\/><\/figure>\n\n\n\n<h3 class=\"wp-block-heading has-text-align-center\">Planung &amp; Beratung<\/h3>\n\n\n\n<p class=\"has-text-align-center\">Wir entwickeln effiziente Wasseraufbereitungskonzepte f\u00fcr Ihre individuellen Anforderungen.<\/p>\n<\/div>\n<\/div>\n<\/div>\n\n\n\n<div class=\"wp-block-column is-vertically-aligned-stretch ext-animate--on is-layout-flow wp-container-core-column-is-layout-f5bb311e wp-block-column-is-layout-flow\">\n<div class=\"wp-block-group is-style-ext-preset--group--natural-1--item-card-1--align-center has-global-padding is-layout-constrained wp-block-group-is-layout-constrained is-style-ext-preset--group--natural-1--item-card-1--align-center--12\">\n<div class=\"wp-block-group is-style-default has-global-padding is-layout-constrained wp-block-group-is-layout-constrained\">\n<figure class=\"wp-block-image aligncenter size-large ext-aspect-landscape wp-duotone-primary-foreground\"><img decoding=\"async\" src=\"data:image\/svg+xml;base64,PHN2ZyB4bWxucz0iaHR0cDovL3d3dy53My5vcmcvMjAwMC9zdmciIHdpZHRoPSI0OCIgaGVpZ2h0PSI0OCIgZmlsbD0iIzAwMDAwMCIgdmlld0JveD0iMCAwIDI1NiAyNTYiPjxwYXRoIGQ9Ik04MCw0MGE0MCw0MCwwLDEsMCw0MCw0MEE0MCw0MCwwLDAsMCw4MCw0MFptMCw2NGEyNCwyNCwwLDEsMSwyNC0yNEEyNCwyNCwwLDAsMSw4MCwxMDRabTk2LDE2YTQwLDQwLDAsMSwwLTQwLTQwQTQwLDQwLDAsMCwwLDE3NiwxMjBabTAtNjRhMjQsMjQsMCwxLDEtMjQsMjRBMjQsMjQsMCwwLDEsMTc2LDU2Wk04MCwxMzZhNDAsNDAsMCwxLDAsNDAsNDBBNDAsNDAsMCwwLDAsODAsMTM2Wm0wLDY0YTI0LDI0LDAsMSwxLDI0LTI0QTI0LDI0LDAsMCwxLDgwLDIwMFptOTYtNjRhNDAsNDAsMCwxLDAsNDAsNDBBNDAsNDAsMCwwLDAsMTc2LDEzNlptMCw2NGEyNCwyNCwwLDEsMSwyNC0yNEEyNCwyNCwwLDAsMSwxNzYsMjAwWiI+PC9wYXRoPjwvc3ZnPg==\" alt=\"\" style=\"object-fit:cover\"\/><\/figure>\n\n\n\n<h3 class=\"wp-block-heading has-text-align-center\">Verkauf &amp; Komponenten<\/h3>\n\n\n\n<p class=\"has-text-align-center\">Hochwertige Anlagen, Ersatzteile und Zubeh\u00f6r f\u00fcr nachhaltige Wasserl\u00f6sungen.<\/p>\n<\/div>\n<\/div>\n<\/div>\n\n\n\n<div class=\"wp-block-column is-vertically-aligned-stretch ext-animate--on is-layout-flow wp-container-core-column-is-layout-f5bb311e wp-block-column-is-layout-flow\">\n<div class=\"wp-block-group is-style-ext-preset--group--natural-1--item-card-1--align-center has-global-padding is-layout-constrained wp-block-group-is-layout-constrained is-style-ext-preset--group--natural-1--item-card-1--align-center--13\">\n<div class=\"wp-block-group is-style-default has-global-padding is-layout-constrained wp-block-group-is-layout-constrained\">\n<figure class=\"wp-block-image aligncenter size-large ext-aspect-landscape wp-duotone-primary-foreground\"><img decoding=\"async\" src=\"data:image\/svg+xml;base64,PHN2ZyB4bWxucz0iaHR0cDovL3d3dy53My5vcmcvMjAwMC9zdmciIHdpZHRoPSI0OCIgaGVpZ2h0PSI0OCIgZmlsbD0iIzAwMDAwMCIgdmlld0JveD0iMCAwIDI1NiAyNTYiPjxwYXRoIGQ9Ik04MCw0MGE0MCw0MCwwLDEsMCw0MCw0MEE0MCw0MCwwLDAsMCw4MCw0MFptMCw2NGEyNCwyNCwwLDEsMSwyNC0yNEEyNCwyNCwwLDAsMSw4MCwxMDRabTk2LDE2YTQwLDQwLDAsMSwwLTQwLTQwQTQwLDQwLDAsMCwwLDE3NiwxMjBabTAtNjRhMjQsMjQsMCwxLDEtMjQsMjRBMjQsMjQsMCwwLDEsMTc2LDU2Wk04MCwxMzZhNDAsNDAsMCwxLDAsNDAsNDBBNDAsNDAsMCwwLDAsODAsMTM2Wm0wLDY0YTI0LDI0LDAsMSwxLDI0LTI0QTI0LDI0LDAsMCwxLDgwLDIwMFptMTM2LTI0YTgsOCwwLDAsMS04LDhIMTg0djI0YTgsOCwwLDAsMS0xNiwwVjE4NEgxNDRhOCw4LDAsMCwxLDAtMTZoMjRWMTQ0YTgsOCwwLDAsMSwxNiwwdjI0aDI0QTgsOCwwLDAsMSwyMTYsMTc2WiI+PC9wYXRoPjwvc3ZnPg==\" alt=\"\" style=\"object-fit:cover\"\/><\/figure>\n\n\n\n<h3 class=\"wp-block-heading has-text-align-center\">Projektmanagement &amp; Umsetzung<\/h3>\n\n\n\n<p class=\"has-text-align-center\">Professionelle Betreuung und Steuerung Ihrer Wasserprojekte, national und international.<\/p>\n<\/div>\n<\/div>\n<\/div>\n<\/div>\n<\/div>","protected":false},"excerpt":{"rendered":"<p>Innovative Systeme f\u00fcr Wasseraufbereitung und Entsalzung Wir bieten umfassende L\u00f6sungen im Bereich Wasseraufbereitung, von der Planung bis zur Betreuung, stets mit Fokus auf h\u00f6chste Qualit\u00e4t und Kundenzufriedenheit. Planung und Beratung Wir analysieren Ihre Bed\u00fcrfnisse und entwickeln ma\u00dfgeschneiderte Konzepte f\u00fcr effiziente Wasserbehandlung. Verkauf von Systemen und Komponenten Unser Angebot umfasst hochwertige Anlagen, Ersatzteile und Zubeh\u00f6r f\u00fcr [&hellip;]<\/p>\n","protected":false},"author":1,"featured_media":0,"parent":0,"menu_order":0,"comment_status":"closed","ping_status":"closed","template":"page-with-title","meta":{"footnotes":""},"class_list":["post-19","page","type-page","status-publish","hentry"],"_links":{"self":[{"href":"https:\/\/hydronyx-systems.de\/en\/wp-json\/wp\/v2\/pages\/19","targetHints":{"allow":["GET"]}}],"collection":[{"href":"https:\/\/hydronyx-systems.de\/en\/wp-json\/wp\/v2\/pages"}],"about":[{"href":"https:\/\/hydronyx-systems.de\/en\/wp-json\/wp\/v2\/types\/page"}],"author":[{"embeddable":true,"href":"https:\/\/hydronyx-systems.de\/en\/wp-json\/wp\/v2\/users\/1"}],"replies":[{"embeddable":true,"href":"https:\/\/hydronyx-systems.de\/en\/wp-json\/wp\/v2\/comments?post=19"}],"version-history":[{"count":2,"href":"https:\/\/hydronyx-systems.de\/en\/wp-json\/wp\/v2\/pages\/19\/revisions"}],"predecessor-version":[{"id":59,"href":"https:\/\/hydronyx-systems.de\/en\/wp-json\/wp\/v2\/pages\/19\/revisions\/59"}],"wp:attachment":[{"href":"https:\/\/hydronyx-systems.de\/en\/wp-json\/wp\/v2\/media?parent=19"}],"curies":[{"name":"wp","href":"https:\/\/api.w.org\/{rel}","templated":true}]}}